{"id":296,"date":"2026-02-18T10:44:21","date_gmt":"2026-02-18T10:44:21","guid":{"rendered":"http:\/\/janines.space\/home\/"},"modified":"2026-04-23T19:19:09","modified_gmt":"2026-04-23T19:19:09","slug":"home","status":"publish","type":"page","link":"https:\/\/janines.space\/de\/","title":{"rendered":"Startseite"},"content":{"rendered":"<div data-aos= \"fade\" data-aos-duration=\"400\" data-aos-delay=\"0\" data-aos-easing=\"ease\" data-aos-once=\"true\" class=\"wp-block-uagb-container uagb-block-9127dfaa alignfull uagb-is-root-container\"><div class=\"uagb-container-inner-blocks-wrap\">\n<div class=\"wp-block-uagb-info-box uagb-block-14807d3a uagb-infobox__content-wrap  uagb-infobox-icon-above-title uagb-infobox-image-valign-top\"><div class=\"uagb-ifb-content\"><div class=\"uagb-ifb-title-wrap\"><h1 class=\"uagb-ifb-title-prefix\">Janine Roug\u00e9e<\/h1><h3 class=\"uagb-ifb-title\">&nbsp;DUCHESS VON KATHARIENBURG<\/h3><\/div><div class=\"uagb-ifb-separator\"><\/div><p class=\"uagb-ifb-desc\">&nbsp;WILLKOMMEN IN UNSERER WELT!<br><br><br>\u201cWir schaffen R\u00e4ume zum Leben, Arbeiten und Wohlf\u00fchlen \u2013 mit Herz, Stil und Gemeinschaftssinn!\u201d<br><br><br><br><\/p><\/div><\/div>\n<\/div><\/div>\n\n\n\n<div data-aos= \"fade\" data-aos-duration=\"400\" data-aos-delay=\"0\" data-aos-easing=\"ease\" data-aos-once=\"true\" class=\"wp-block-uagb-container uagb-block-57b6f25f alignfull uagb-is-root-container\"><div class=\"uagb-container-inner-blocks-wrap\">\n<div class=\"wp-block-uagb-container uagb-block-eb7b45f8\">\n<div class=\"wp-block-uagb-advanced-heading uagb-block-460e9797\"><h2 class=\"uagb-heading-text\">AUFTRAG<\/h2><\/div>\n\n\n\n<div style=\"height:61px\" aria-hidden=\"true\" class=\"wp-block-spacer\"><\/div>\n<\/div>\n\n\n\n<div class=\"wp-block-uagb-container uagb-block-d9f207b1\">\n<div class=\"wp-block-columns is-layout-flex wp-container-core-columns-is-layout-28f84493 wp-block-columns-is-layout-flex\">\n<div class=\"wp-block-column is-layout-flow wp-block-column-is-layout-flow\">\n<div class=\"wp-block-uagb-advanced-heading uagb-block-a5b7fe16\"><h2 class=\"uagb-heading-text\">&nbsp;SOS <\/h2><p class=\"uagb-desc-text\">Unterst\u00fctzung ohne Stress<\/p><\/div>\n\n\n\n<p><\/p>\n\n\n\n<p><\/p>\n\n\n\n<div class=\"wp-block-uagb-icon-list uagb-block-681b466a\"><div class=\"uagb-icon-list__wrap\">\n<div class=\"wp-block-uagb-icon-list-child uagb-block-f69be114\"><span class=\"uagb-icon-list__label\">Sie haben F\u00e4higkeiten? Gro\u00dfartig! Bieten Sie sie \u00fcber uns an<\/span><\/div>\n\n\n\n<div class=\"wp-block-uagb-icon-list-child uagb-block-e31d3caf\"><span class=\"uagb-icon-list__label\">Brauchen Sie Hilfe? Perfekt! Hier finden Sie, was Sie suchen.<\/span><\/div>\n\n\n\n<div class=\"wp-block-uagb-icon-list-child uagb-block-c4fbb0fe\"><span class=\"uagb-icon-list__label\">Das System: Jeder Erfolg kommt allen zugute. Ein Teil flie\u00dft immer in unsere Projekte zur\u00fcck.<\/span><\/div>\n<\/div><\/div>\n<\/div>\n\n\n\n<div class=\"wp-block-column is-layout-flow wp-block-column-is-layout-flow\">\n<div class=\"wp-block-uagb-advanced-heading uagb-block-b73f145a\"><h2 class=\"uagb-heading-text\">&nbsp;LIBERA Lodge<\/h2><\/div>\n\n\n\n<div class=\"wp-block-uagb-icon-list uagb-block-7c906490\"><div class=\"uagb-icon-list__wrap\">\n<div class=\"wp-block-uagb-icon-list-child uagb-block-6f958ed0\"><span class=\"uagb-icon-list__label\">Wir bauen sichere H\u00e4user und Gemeinschaften.<\/span><\/div>\n\n\n\n<div class=\"wp-block-uagb-icon-list-child uagb-block-1e19e5c6\"><span class=\"uagb-icon-list__label\">Kostenlos leben \u2013 statt Miete zu zahlen, bringst du deine Zeit ein und hilfst aus.<\/span><\/div>\n\n\n\n<div class=\"wp-block-uagb-icon-list-child uagb-block-4e095883\"><span class=\"uagb-icon-list__label\">Das System: Jeder Erfolg kommt allen zugute. Ein Teil flie\u00dft immer in unsere Projekte zur\u00fcck.<\/span><\/div>\n<\/div><\/div>\n\n\n\n<div class=\"wp-block-uagb-icon-list uagb-block-c3653d42\"><div class=\"uagb-icon-list__wrap\">\n<div class=\"wp-block-uagb-icon-list-child uagb-block-753f8797\"><span class=\"uagb-icon-list__label\">Ein Zuhause, in dem man Familie hat und sich sicher f\u00fchlt.<\/span><\/div>\n<\/div><\/div>\n<\/div>\n\n\n\n<div class=\"wp-block-column is-layout-flow wp-block-column-is-layout-flow\">\n<div class=\"wp-block-uagb-advanced-heading uagb-block-e296a3ef\"><h2 class=\"uagb-heading-text\">Zeit &amp; Wechselkurs<\/h2><\/div>\n\n\n\n<div class=\"wp-block-uagb-icon-list uagb-block-a1520171\"><div class=\"uagb-icon-list__wrap\">\n<div class=\"wp-block-uagb-icon-list-child uagb-block-a9724045\"><span class=\"uagb-icon-list__label\">Arbeit und Zeit sind wertvoll! Jede Stunde, die Sie beitragen, wird Ihrem Konto gutgeschrieben.<\/span><\/div>\n\n\n\n<div class=\"wp-block-uagb-icon-list-child uagb-block-c41040a6\"><span class=\"uagb-icon-list__label\">Sie k\u00f6nnen neue F\u00e4higkeiten erlernen oder Ihre eigenen teilen.<\/span><\/div>\n\n\n\n<div class=\"wp-block-uagb-icon-list-child uagb-block-80163bf5\"><span class=\"uagb-icon-list__label\">\u00a0Wir helfen einander ohne Geld, aber mit gegenseitigem Respekt und Wertsch\u00e4tzung.<\/span><\/div>\n<\/div><\/div>\n<\/div>\n<\/div>\n\n\n\n<div class=\"wp-block-uagb-container uagb-block-4c1652b2\">\n<div style=\"height:138px\" aria-hidden=\"true\" class=\"wp-block-spacer\"><\/div>\n<\/div>\n<\/div>\n<\/div><\/div>\n\n\n\n<div class=\"wp-block-uagb-container uagb-block-fa7bd58c alignfull uagb-is-root-container\"><div class=\"uagb-container-inner-blocks-wrap\">\n<div class=\"wp-block-uagb-advanced-heading uagb-block-d10752ff\"><h2 class=\"uagb-heading-text\">Wer bin ich<\/h2><div class=\"uagb-separator\"><\/div><\/div>\n\n\n\n<div class=\"wp-block-uagb-container uagb-block-ac31fdb3\">\n<div class=\"wp-block-uagb-container uagb-block-e9794530\">\n<div class=\"wp-block-uagb-advanced-heading uagb-block-09658496\"><p class=\"uagb-desc-text\">Ich bin Janine Ang\u00e9lique Roug\u00e9e, Herzogin von Katharienburg und Gr\u00fcnderin von SOS \u2013 Support ohne Stress.<\/p><\/div>\n\n\n\n<p>Mit langj\u00e4hriger Erfahrung in der Hotellerie begleite ich Unternehmen, die mehr als nur Gewinn anstreben. Ich bin der \u00dcberzeugung, dass Erfolg nachhaltig ist, wenn Menschlichkeit und Professionalit\u00e4t Hand in Hand gehen.<\/p>\n\n\n\n<p>Ich habe es mir zur Aufgabe gemacht, eine neue Art zu leben und Gesch\u00e4fte zu machen. F\u00fcr mich stehen die Menschen an erster Stelle: Jeder soll das tun k\u00f6nnen, was er liebt, lernen, was er m\u00f6chte, und in Sicherheit leben!<\/p>\n\n\n\n<p><\/p>\n\n\n\n<p><\/p>\n\n\n\n<div style=\"height:35px\" aria-hidden=\"true\" class=\"wp-block-spacer\"><\/div>\n\n\n\n<p><\/p>\n\n\n\n<p><\/p>\n\n\n\n<div class=\"wp-block-uagb-info-box uagb-block-faef32a6 uagb-infobox__content-wrap  uagb-infobox-icon-above-title uagb-infobox-image-valign-top\"><div class=\"uagb-ifb-content\"><div class=\"uagb-ifb-title-wrap\"><h4 class=\"uagb-ifb-title-prefix\">Janine Roug\u00e9e<\/h4><h6 class=\"uagb-ifb-title\">Gr\u00fcnder, SOS<\/h6><\/div><\/div><\/div>\n<\/div>\n\n\n\n<div class=\"wp-block-uagb-container uagb-block-42747c37\">\n<div class=\"wp-block-uagb-advanced-heading uagb-block-097bf89b\"><\/div>\n<\/div>\n<\/div>\n<\/div><\/div>\n\n\n\n\n\n<div class=\"wp-block-group h50 custom-join-us is-layout-constrained wp-block-group-is-layout-constrained\">\n<div class=\"wp-block-group is-layout-constrained wp-block-group-is-layout-constrained\">\n<div class=\"wp-block-uagb-container uagb-block-209bee37 alignfull uagb-is-root-container\">\n<div class=\"wp-block-uagb-container uagb-block-1f2a4531\">\n<div class=\"wp-block-columns is-layout-flex wp-container-core-columns-is-layout-28f84493 wp-block-columns-is-layout-flex\">\n<div class=\"wp-block-column is-layout-flow wp-block-column-is-layout-flow\">\n<div style=\"height:46px\" aria-hidden=\"true\" class=\"wp-block-spacer\"><\/div>\n\n\n\n<div class=\"wp-block-uagb-advanced-heading uagb-block-090369f6\"><h2 class=\"uagb-heading-text\">Komm mit uns<\/h2><\/div>\n\n\n\n<div class=\"wp-block-group is-nowrap is-layout-flex wp-container-core-group-is-layout-6c531013 wp-block-group-is-layout-flex\">\n<p class=\"has-text-align-center has-medium-font-size\">Laden Sie hier alle Informationen herunter, f\u00fcllen Sie den Vertrag aus und werden Sie Teil unseres Teams!<\/p>\n<\/div>\n\n\n\n<div class=\"wp-block-columns is-layout-flex wp-container-core-columns-is-layout-28f84493 wp-block-columns-is-layout-flex\">\n<div class=\"wp-block-column is-layout-flow wp-block-column-is-layout-flow\">\n<p class=\"has-text-align-center has-cyan-bluish-gray-color has-text-color has-link-color has-medium-font-size wp-elements-6da52d3abd91d25a97e1602c43ac537b\" style=\"padding-top:0;padding-bottom:0\">Ihr Vertragsentwurf wurde gesendet an <a href=\"mailto:help@janines.space\" title=\"E-Mail\">help@janines.space<\/a><\/p>\n\n\n\n<p><\/p>\n<\/div>\n\n\n\n<div class=\"wp-block-column is-layout-flow wp-block-column-is-layout-flow\">\n<div class=\"wp-block-file\"><a href=\"https:\/\/janines.space\/wp-content\/uploads\/2026\/04\/PARTNERVERTRAG-WERTVEREINBARUNG-contract-4-1.pdf\" class=\"wp-block-file__button wp-element-button\" download>Herunterladen<\/a><\/div>\n<\/div>\n<\/div>\n\n\n\n<div style=\"height:0px\" aria-hidden=\"true\" class=\"wp-block-spacer\"><\/div>\n<\/div>\n\n\n\n<div class=\"wp-block-column is-layout-flow wp-block-column-is-layout-flow\" style=\"flex-basis:50%\">\n<div style=\"height:2px\" aria-hidden=\"true\" class=\"wp-block-spacer\"><\/div>\n\n\n\n<p class=\"has-text-align-center has-medium-font-size\" style=\"padding-top:var(--wp--preset--spacing--30);padding-right:var(--wp--preset--spacing--40);padding-bottom:var(--wp--preset--spacing--30);padding-left:var(--wp--preset--spacing--40)\">Ob Sie bereits eine Arbeitsstelle haben, woanders leben oder einen Neuanfang wagen m\u00f6chten \u2013 bei uns sind Sie herzlich willkommen!<\/p>\n\n\n\n<ul class=\"wp-block-list\">\n<li class=\"has-small-font-size\">Verdiene Geld mit dem, was du gut kannst.<\/li>\n\n\n\n<li class=\"has-small-font-size\">Sammeln Sie Punkte f\u00fcr Ihr eigenes Zuhause.<\/li>\n\n\n\n<li class=\"has-small-font-size\" style=\"margin-top:0;margin-bottom:0\">Werde Teil einer starken Familie.<\/li>\n<\/ul>\n<\/div>\n<\/div>\n<\/div>\n<\/div>\n<\/div>\n<\/div>\n\n\n\n<div class=\"wp-block-uagb-container uagb-block-a697b1e7 alignfull uagb-is-root-container\"><div class=\"uagb-container-inner-blocks-wrap\">\n<div class=\"wp-block-uagb-advanced-heading uagb-block-4192e2ca\"><h2 class=\"uagb-heading-text\">Kontakt aufnehmen<\/h2><div class=\"uagb-separator\"><\/div><p class=\"uagb-desc-text\">Kostenlose Beratung vereinbaren.<\/p><\/div>\n\n\n\n<div class=\"wp-block-uagb-container uagb-block-9c1cae5f\">\n<div class=\"wp-block-uagb-forms uagb-forms__outer-wrap uagb-block-926bde71 uagb-forms__medium-btn\"><form class=\"uagb-forms-main-form\" method=\"post\" autocomplete=\"on\" name=\"uagb-form-926bde71\" action=\"\">\n<div class=\"wp-block-uagb-forms-name uagb-forms-name-wrap uagb-forms-field-set uagb-block-9b57d958 uag-col-2\"><div class=\"uagb-forms-name-label required uagb-forms-input-label\" id=\"9b57d958\">Vorname<\/div><input type=\"text\" placeholder=\"\" required class=\"uagb-forms-name-input uagb-forms-input\" name=\"9b57d958\" autocomplete=\"given-name\"\/><\/div>\n\n\n\n<div class=\"wp-block-uagb-forms-name uagb-forms-name-wrap uagb-forms-field-set uagb-block-f5fe4d15 uag-col-2\"><div class=\"uagb-forms-name-label required uagb-forms-input-label\" id=\"f5fe4d15\">Nachname<\/div><input type=\"text\" placeholder=\"\" required class=\"uagb-forms-name-input uagb-forms-input\" name=\"f5fe4d15\" autocomplete=\"family-name\"\/><\/div>\n\n\n\n<div class=\"wp-block-uagb-forms-email uagb-forms-email-wrap uagb-forms-field-set uagb-block-21c8d202\"><div class=\"uagb-forms-email-label required uagb-forms-input-label\" id=\"21c8d202\">E-Mail<\/div><input type=\"email\" class=\"uagb-forms-email-input uagb-forms-input\" placeholder=\"\" required name=\"21c8d202\" autocomplete=\"email\"\/><\/div>\n\n\n\n<div class=\"wp-block-uagb-forms-textarea uagb-forms-textarea-wrap uagb-forms-field-set uagb-block-2a85f087\"><div class=\"uagb-forms-textarea-label required uagb-forms-input-label\" id=\"2a85f087\">Nachricht<\/div><textarea required class=\"uagb-forms-textarea-input uagb-forms-input\" rows=\"4\" placeholder=\"\" name=\"2a85f087\" autocomplete=\"off\"><\/textarea><\/div>\n<div class=\"uagb-forms-form-hidden-data\"><input type=\"hidden\" class=\"uagb_forms_form_label\" value=\"Spectra Form\"\/><input type=\"hidden\" class=\"uagb_forms_form_id\" value=\"uagb-form-926bde71\"\/><\/div><div class=\"uagb-form-reacaptcha-error-926bde71\"><\/div><div class=\"uagb-forms-main-submit-button-wrap wp-block-button\"><button class=\"uagb-forms-main-submit-button wp-block-button__link\"><div class=\"uagb-forms-main-submit-button-text\">senden.<\/div><\/button><\/div><input type=\"hidden\" name=\"trp-form-language\" value=\"de\"\/><\/form><div class=\"uagb-forms-success-message-926bde71 uagb-forms-submit-message-hide\"><span>Das Formular wurde erfolgreich \u00fcbermittelt!<\/span><\/div><div class=\"uagb-forms-failed-message-926bde71 uagb-forms-submit-message-hide\"><span>Es ist ein Fehler beim Absenden des Formulars aufgetreten. Bitte \u00fcberpr\u00fcfen Sie alle Formularfelder erneut.<\/span><\/div><\/div>\n\n\n\n<div class=\"wp-block-uagb-image uagb-block-9b2d2be9 wp-block-uagb-image--layout-default wp-block-uagb-image--effect-static wp-block-uagb-image--align-none\"><figure class=\"wp-block-uagb-image__figure\"><img decoding=\"async\" srcset=\"https:\/\/janines.space\/wp-content\/uploads\/2026\/02\/WhatsApp-Image-2026-02-18-at-18.04.38-3-1-682x1024.jpeg ,https:\/\/janines.space\/wp-content\/uploads\/2026\/02\/WhatsApp-Image-2026-02-18-at-18.04.38-3-1.jpeg 780w, https:\/\/janines.space\/wp-content\/uploads\/2026\/02\/WhatsApp-Image-2026-02-18-at-18.04.38-3-1.jpeg 360w\" sizes=\"auto, (max-width: 480px) 150px\" src=\"https:\/\/janines.space\/wp-content\/uploads\/2026\/02\/WhatsApp-Image-2026-02-18-at-18.04.38-3-1-682x1024.jpeg\" alt=\"\" class=\"uag-image-978\" width=\"350\" height=\"426\" title=\"WhatsApp-Bild 2026-02-18 um 18.04.38 (3)\" loading=\"lazy\" role=\"img\"\/><\/figure><\/div>\n<\/div>\n<\/div><\/div>","protected":false},"excerpt":{"rendered":"<p>MISSION &nbsp;SOS Support Without Stress &nbsp;LIBERA Lodge Time &amp; Exchage \u200bWho Am I I am Janine Ang\u00e9lique Roug\u00e9e, Duchess of Katharienburg and the founder of SOS &#8211; Support without Stress. With many years of experience in the hospitality industry, I accompany businesses that want more than just profit. I believe that success is sustainable when [&hellip;]<\/p>\n","protected":false},"author":1,"featured_media":0,"parent":0,"menu_order":0,"comment_status":"closed","ping_status":"closed","template":"","meta":{"_uag_custom_page_level_css":"","site-sidebar-layout":"no-sidebar","site-content-layout":"plain-container","ast-site-content-layout":"full-width-container","site-content-style":"unboxed","site-sidebar-style":"unboxed","ast-global-header-display":"","ast-banner-title-visibility":"","ast-main-header-display":"","ast-hfb-above-header-display":"","ast-hfb-below-header-display":"","ast-hfb-mobile-header-display":"","site-post-title":"disabled","ast-breadcrumbs-content":"","ast-featured-img":"","footer-sml-layout":"","ast-disable-related-posts":"","theme-transparent-header-meta":"enabled","adv-header-id-meta":"","stick-header-meta":"","header-above-stick-meta":"","header-main-stick-meta":"","header-below-stick-meta":"","astra-migrate-meta-layouts":"set","ast-page-background-enabled":"default","ast-page-background-meta":{"desktop":{"background-color":"","background-image":"","background-repeat":"repeat","background-position":"center center","background-size":"auto","background-attachment":"scroll","background-type":"","background-media":"","overlay-type":"","overlay-color":"","overlay-opacity":"","overlay-gradient":""},"tablet":{"background-color":"","background-image":"","background-repeat":"repeat","background-position":"center center","background-size":"auto","background-attachment":"scroll","background-type":"","background-media":"","overlay-type":"","overlay-color":"","overlay-opacity":"","overlay-gradient":""},"mobile":{"background-color":"","background-image":"","background-repeat":"repeat","background-position":"center center","background-size":"auto","background-attachment":"scroll","background-type":"","background-media":"","overlay-type":"","overlay-color":"","overlay-opacity":"","overlay-gradient":""}},"ast-content-background-meta":{"desktop":{"background-color":"var(--ast-global-color-4)","background-image":"","background-repeat":"repeat","background-position":"center center","background-size":"auto","background-attachment":"scroll","background-type":"","background-media":"","overlay-type":"","overlay-color":"","overlay-opacity":"","overlay-gradient":""},"tablet":{"background-color":"var(--ast-global-color-4)","background-image":"","background-repeat":"repeat","background-position":"center center","background-size":"auto","background-attachment":"scroll","background-type":"","background-media":"","overlay-type":"","overlay-color":"","overlay-opacity":"","overlay-gradient":""},"mobile":{"background-color":"var(--ast-global-color-4)","background-image":"","background-repeat":"repeat","background-position":"center center","background-size":"auto","background-attachment":"scroll","background-type":"","background-media":"","overlay-type":"","overlay-color":"","overlay-opacity":"","overlay-gradient":""}},"footnotes":""},"class_list":["post-296","page","type-page","status-publish","hentry"],"aioseo_notices":[],"_hostinger_reach_plugin_has_subscription_block":false,"_hostinger_reach_plugin_is_elementor":false,"uagb_featured_image_src":{"full":false,"thumbnail":false,"medium":false,"medium_large":false,"large":false,"1536x1536":false,"2048x2048":false,"trp-custom-language-flag":false},"uagb_author_info":{"display_name":"emailfankush@gmail.com","author_link":"https:\/\/janines.space\/de\/author\/emailfankushgmail-com\/"},"uagb_comment_info":0,"uagb_excerpt":"MISSION &nbsp;SOS Support Without Stress &nbsp;LIBERA Lodge Time &amp; Exchage \u200bWho Am I I am Janine Ang\u00e9lique Roug\u00e9e, Duchess of Katharienburg and the founder of SOS &#8211; Support without Stress. With many years of experience in the hospitality industry, I accompany businesses that want more than just profit. I believe that success is sustainable when&hellip;","_links":{"self":[{"href":"https:\/\/janines.space\/de\/wp-json\/wp\/v2\/pages\/296","targetHints":{"allow":["GET"]}}],"collection":[{"href":"https:\/\/janines.space\/de\/wp-json\/wp\/v2\/pages"}],"about":[{"href":"https:\/\/janines.space\/de\/wp-json\/wp\/v2\/types\/page"}],"author":[{"embeddable":true,"href":"https:\/\/janines.space\/de\/wp-json\/wp\/v2\/users\/1"}],"replies":[{"embeddable":true,"href":"https:\/\/janines.space\/de\/wp-json\/wp\/v2\/comments?post=296"}],"version-history":[{"count":146,"href":"https:\/\/janines.space\/de\/wp-json\/wp\/v2\/pages\/296\/revisions"}],"predecessor-version":[{"id":1468,"href":"https:\/\/janines.space\/de\/wp-json\/wp\/v2\/pages\/296\/revisions\/1468"}],"wp:attachment":[{"href":"https:\/\/janines.space\/de\/wp-json\/wp\/v2\/media?parent=296"}],"curies":[{"name":"wp","href":"https:\/\/api.w.org\/{rel}","templated":true}]}}